{"id":2434,"date":"2020-02-08T15:05:25","date_gmt":"2020-02-08T15:05:25","guid":{"rendered":"https:\/\/xn--dso-8ma.com\/?page_id=2434"},"modified":"2025-12-12T17:27:22","modified_gmt":"2025-12-12T17:27:22","slug":"jose-luis-merino-dsno","status":"publish","type":"page","link":"https:\/\/xn--dso-8ma.com\/?page_id=2434","title":{"rendered":"Sobre M\u00ed"},"content":{"rendered":"<p>[vc_row content_width=\u00bbgrid\u00bb][vc_column][vc_raw_html]JTNDZGl2JTIwY2xhc3MlM0QlMjJjb250ZW5lZG9yLXNvYnJlbWklMjIlM0UlMEElMDklM0NkaXYlMjBjbGFzcyUzRCUyMmNhamEtc29icmVtaSUyMiUzRSUwQSUwOSUwOSUzQ2RpdiUyMGNsYXNzJTNEJTIyY2FqYS1zb2JyZW1pLWludGVyaW9yJTIyJTNFJTBBJTA5JTA5JTA5JTNDZGl2JTIwY2xhc3MlM0QlMjJjb2x1bW5hLWl6cXVpZXJkYS1zbSUyMiUzRSUwQSUwOSUwOSUwOSUwOSUzQ2RpdiUyMGNsYXNzJTNEJTIyY2FqYS10ZXh0by1jZW50cmFkbyUyMiUzRSUwQSUzQ2ltZyUyMGlkJTNEJTIyY29taWxsYXMtY29taWVuem8lMjIlMjBzcmMlM0QlMjJodHRwcyUzQSUyRiUyRnhuLS1kc28tOG1hLmNvbSUyRndwLWNvbnRlbnQlMkZ1cGxvYWRzJTJGMjAyMCUyRjA0JTJGY29taWxsYXNCMS0wMS5zdmclMjIlM0UlMEElMDklMDklMDklMDklMDklM0NoMyUzRUVsJTIwZGlzZSVDMyVCMW8lMjBubyUyMHNvbG8lMjBkZWJlJTIwJTNDc3Ryb25nJTNFZW5hbW9yYXIlM0MlMkZzdHJvbmclM0UlM0IlMjB0YW1iaSVDMyVBOW4lMjB0aWVuZSUyMHF1ZSUyMCUzQ3N0cm9uZyUzRWdlbmVyYXIlMjByZXN1bHRhZG9zJTNDJTJGc3Ryb25nJTNFLiUzQyUyRmgzJTNFJTIwJTIwJTIwJTBBJTNDaW1nJTIwaWQlM0QlMjJjb21pbGxhcy1maW5hbCUyMiUyMHNyYyUzRCUyMmh0dHBzJTNBJTJGJTJGeG4tLWRzby04bWEuY29tJTJGd3AtY29udGVudCUyRnVwbG9hZHMlMkYyMDIwJTJGMDQlMkZjb21pbGxhc0IyLTAxLnN2ZyUyMiUzRSUyMCUyMCUyMCUyMCUyMCUyMCUyMCUyMCUyMCUyMCUyMCUyMCUyMCUyMCUyMCUyMCUyMCUyMCUyMCUyMCUyMCUyMCUyMCUyMCUyMCUyMCUyMCUyMCUwQSUwOSUwOSUwOSUwOSUzQyUyRmRpdiUzRSUwQSUwOSUwOSUwOSUzQyUyRmRpdiUzRSUwQSUyMCUyMCUyMCUyMCUyMCUyMCUzQ2RpdiUyMGNsYXNzJTNEJTIyY29sdW1uYS1kZXJlY2hhLXNtJTIyJTNFJTBBJTA5JTA5JTA5JTA5JTNDaW1nJTIwc3JjJTNEJTIyaHR0cHMlM0ElMkYlMkZ4bi0tZHNvLThtYS5jb20lMkZ3cC1jb250ZW50JTJGdXBsb2FkcyUyRjIwMjUlMkYwOSUyRmZvdG8xLnBuZyUyMiUyRiUzRSUwQSUwOSUyMCUyMCUyMCUyMCUwOSUwOSUzQyUyRmRpdiUzRSUwQSUwOSUwOSUzQyUyRmRpdiUzRSUwQSUwOSUzQyUyRmRpdiUzRSUwQSUzQyUyRmRpdiUzRQ==[\/vc_raw_html][\/vc_column][\/vc_row][vc_row content_width=\u00bbgrid\u00bb css=\u00bb.vc_custom_1581695120234{margin-top: 50px !important;margin-bottom: 50px !important;}\u00bb][vc_column][vc_column_text el_class=\u00bbtexto-sobremi\u00bb]El dise\u00f1o gr\u00e1fico y la direcci\u00f3n de arte siempre han sido mis herramienta para transformar ideas en soluciones visuales.<\/p>\n<p>A lo largo de m\u00e1s de 30 a\u00f1os he trabajado en estudios, agencias y departamentos de marketing, donde aprend\u00ed a unir creatividad, estrategia y resultados.<\/p>\n<p>Hoy mi valor diferencial est\u00e1 en escuchar, interpretar y convertir necesidades en respuestas efectivas, siempre con atenci\u00f3n al detalle y compromiso profesional.<\/p>\n<p>Mi experiencia se complementa con la integraci\u00f3n de la IA y nuevas tecnolog\u00edas como aliados en los procesos creativos.[\/vc_column_text][\/vc_column][\/vc_row][vc_row content_width=\u00bbgrid\u00bb][vc_column][vc_raw_html]JTNDZGl2JTIwaWQlM0QlMjJsaW5lYS1zZXBhcmF0b3JpYS1zdXAlMjIlM0UlM0MlMkZkaXYlM0UlMEElM0NkaXYlMjBjbGFzcyUzRCUyMmN1cnJpY3VsdW0tdml0YWUlMjIlM0UlMEElM0N1bCUyMGlkJTNEJTIyY29sdW1uLWl6cXUlMjIlM0UlMEElM0NsaSUyMGlkJTNEJTIyY2FyZ28lMjIlM0VEaXNlJUMzJUIxYWRvciUyMEdyJUMzJUExZmljbyUzQyUyRmxpJTNFJTBBJTNDbGklM0UxOTg3JTJGMTk5MiUyMEVzdHVkaW8lMjBBbnRvbmlvJTIwRGlheiUyMCUyNiUyMEFTUyUyMCUyOE1hZHJpZCUyOSUzQyUyRmxpJTNFJTBBJTNDbGklM0UyMDIzJTJGMjAyMyUyMEFnZW5jaWElMjBCdWVub3NhaXJlcyUyME1hZHJpZCUyMCUyOE1hZHJpZCUyOSUzQyUyRmxpJTNFJTBBJTNDbGklM0UyMDI0JTJGMjAyNSUyMEdydXBvJTIwRWNvdGlzYS4lMjBEZXAuTWFya2V0aW5nJTIwJTI4U2FsYW1hbmNhJTI5JTNDJTJGbGklM0UlMEElM0NsaSUyMGlkJTNEJTIyY2FyZ28lMjIlM0VEaXJlY3RvciUyMGRlJTIwQXJ0ZSUzQyUyRmxpJTNFJTBBJTNDbGklM0UxOTkyJTJGMTk5NyUyMEFnZW5jaWElMjBWYWxtb3Jpc2NvJTIwR0dLLUdUVCUyMCUyOE1hZHJpZCUyOSUzQyUyRmxpJTNFJTBBJTNDbGklM0UxOTk3JTJGMTk5OSUyMEFnZW5jaWElMjBSYXR0byUyRkJCRE8lMjAlMjhCdWVub3MlMjBBaXJlcyUyOSUzQyUyRmxpJTNFJTBBJTNDJTJGdWwlM0UlMEElM0N1bCUyMGlkJTNEJTIyY29sdW1uLWRlcmNoJTIyJTNFJTBBJTNDbGklMjBpZCUzRCUyMmNhcmdvJTIyJTNFRGlyZWN0b3IlMjBDcmVhdGl2byUzQyUyRmxpJTNFJTBBJTNDbGklM0UyMDAwJTJGMjAwMiUyMEFnZW5jaWElMjBJbWF4ZSUyRkludGVybWVkaWElMjAlMjhBJTIwQ29ydSVDMyVCMWElMjklM0MlMkZsaSUzRSUwQSUzQ2xpJTNFMjAwMiUyRjIwMDclMjBBZ2VuY2lhJTIwQmFwJTIwJTI2JTIwQ29uZGUlMjAlMjhBJTIwQ29ydSVDMyVCMWElMjklM0MlMkZsaSUzRSUwQSUzQ2xpJTIwaWQlM0QlMjJjYXJnbyUyMiUzRUZyZWVsYW5jZSUzQyUyRmxpJTNFJTBBJTNDbGklM0UyMDA3JTJGMjAyMyUyMEZyZWVsYW5jZSUyMCUyOEElMjBDb3J1JUMzJUIxYSUyMC0lMjBCdWVub3MlMjBBaXJlcyUyMC0lMjBNYWRyaWQlMjklM0MlMkZsaSUzRSUwQSUzQ2xpJTNFJTI2Q09JbmJvdW5kJTJDJTIwVGFsbGVyJTIwRXRub2dyYSVFRiVBQyU4MWNvJTJDJTIwVHJlc2NvbSUyQyUyMEt1dHVrbyUyQyUyMEltYWdlJTIwQ29uc3VsdGluZyUzQ2xpJTNFJTBBJTNDJTJGdWwlM0UlMEElM0MlMkZkaXYlM0UlMEElM0NkaXYlMjBpZCUzRCUyMmxpbmVhLXNlcGFyYXRvcmlhLWluZiUyMiUzRSUzQyUyRmRpdiUzRSUwQSUzQ2RpdiUyMGNsYXNzJTNEJTIyY3VycmljdWx1bS12aXRhZS1ob3IlMjIlM0UlMEElM0N1bCUzRSUwQSUzQ2xpJTNFJTNDYSUyMGhyZWYlM0QlMjJodHRwcyUzQSUyRiUyRnhuLS1kc28tOG1hLmNvbSUyRndwLWNvbnRlbnQlMkZ1cGxvYWRzJTJGMjAyNSUyRjA3JTJGQ1YtMjAyNS5wZGYlMjIlM0VDViUzQyUyRmElM0UlM0MlMkZsaSUzRSUwQSUzQ2xpJTNFYWRvYmUlM0MlMkZsaSUzRSUwQSUzQ2xpJTNFaHRtbCUzQyUyRmxpJTNFJTBBJTNDbGklM0Vjc3MlM0MlMkZsaSUzRSUwQSUzQ2xpJTNFZmlnbWElM0MlMkZsaSUzRSUwQSUzQ2xpJTNFd29yZHByZXNzJTNDJTJGbGklM0UlMEElM0NsaSUzRUlBJTNDJTJGbGklM0UlMEElM0MlMkZ1bCUzRSUwQSUzQyUyRmRpdiUzRQ==[\/vc_raw_html][\/vc_column][\/vc_row][vc_row content_width=\u00bbgrid\u00bb css=\u00bb.vc_custom_1581772157615{margin-top: 50px !important;margin-bottom: 0px !important;}\u00bb][vc_column width=\u00bb1\/12&#8243;][\/vc_column][vc_column width=\u00bb5\/6&#8243; css=\u00bb.vc_custom_1581772274822{margin-bottom: 100px !important;}\u00bb][vc_column_text el_id=\u00bblink-contactame\u00bb]<a href=\"https:\/\/xn--dso-8ma.com\/?page_id=445\">cont\u00e1ctame<\/a>[\/vc_column_text][\/vc_column][vc_column width=\u00bb1\/12&#8243;][\/vc_column][\/vc_row]<\/p>\n","protected":false},"excerpt":{"rendered":"<p>[vc_row content_width=\u00bbgrid\u00bb][vc_column][vc_raw_html]JTNDZGl2JTIwY2xhc3MlM0QlMjJjb250ZW5lZG9yLXNvYnJlbWklMjIlM0UlMEElMDklM0NkaXYlMjBjbGFzcyUzRCUyMmNhamEtc29icmVtaSUyMiUzRSUwQSUwOSUwOSUzQ2RpdiUyMGNsYXNzJTNEJTIyY2FqYS1zb2JyZW1pLWludGVyaW9yJTIyJTNFJTBBJTA5JTA5JTA5JTNDZGl2JTIwY2xhc3MlM0QlMjJjb2x1bW5hLWl6cXVpZXJkYS1zbSUyMiUzRSUwQSUwOSUwOSUwOSUwOSUzQ2RpdiUyMGNsYXNzJTNEJTIyY2FqYS10ZXh0by1jZW50cmFkbyUyMiUzRSUwQSUzQ2ltZyUyMGlkJTNEJTIyY29taWxsYXMtY29taWVuem8lMjIlMjBzcmMlM0QlMjJodHRwcyUzQSUyRiUyRnhuLS1kc28tOG1hLmNvbSUyRndwLWNvbnRlbnQlMkZ1cGxvYWRzJTJGMjAyMCUyRjA0JTJGY29taWxsYXNCMS0wMS5zdmclMjIlM0UlMEElMDklMDklMDklMDklMDklM0NoMyUzRUVsJTIwZGlzZSVDMyVCMW8lMjBubyUyMHNvbG8lMjBkZWJlJTIwJTNDc3Ryb25nJTNFZW5hbW9yYXIlM0MlMkZzdHJvbmclM0UlM0IlMjB0YW1iaSVDMyVBOW4lMjB0aWVuZSUyMHF1ZSUyMCUzQ3N0cm9uZyUzRWdlbmVyYXIlMjByZXN1bHRhZG9zJTNDJTJGc3Ryb25nJTNFLiUzQyUyRmgzJTNFJTIwJTIwJTIwJTBBJTNDaW1nJTIwaWQlM0QlMjJjb21pbGxhcy1maW5hbCUyMiUyMHNyYyUzRCUyMmh0dHBzJTNBJTJGJTJGeG4tLWRzby04bWEuY29tJTJGd3AtY29udGVudCUyRnVwbG9hZHMlMkYyMDIwJTJGMDQlMkZjb21pbGxhc0IyLTAxLnN2ZyUyMiUzRSUyMCUyMCUyMCUyMCUyMCUyMCUyMCUyMCUyMCUyMCUyMCUyMCUyMCUyMCUyMCUyMCUyMCUyMCUyMCUyMCUyMCUyMCUyMCUyMCUyMCUyMCUyMCUyMCUwQSUwOSUwOSUwOSUwOSUzQyUyRmRpdiUzRSUwQSUwOSUwOSUwOSUzQyUyRmRpdiUzRSUwQSUyMCUyMCUyMCUyMCUyMCUyMCUzQ2RpdiUyMGNsYXNzJTNEJTIyY29sdW1uYS1kZXJlY2hhLXNtJTIyJTNFJTBBJTA5JTA5JTA5JTA5JTNDaW1nJTIwc3JjJTNEJTIyaHR0cHMlM0ElMkYlMkZ4bi0tZHNvLThtYS5jb20lMkZ3cC1jb250ZW50JTJGdXBsb2FkcyUyRjIwMjUlMkYwOSUyRmZvdG8xLnBuZyUyMiUyRiUzRSUwQSUwOSUyMCUyMCUyMCUyMCUwOSUwOSUzQyUyRmRpdiUzRSUwQSUwOSUwOSUzQyUyRmRpdiUzRSUwQSUwOSUzQyUyRmRpdiUzRSUwQSUzQyUyRmRpdiUzRQ==[\/vc_raw_html][\/vc_column][\/vc_row][vc_row content_width=\u00bbgrid\u00bb css=\u00bb.vc_custom_1581695120234{margin-top: 50px !important;margin-bottom: 50px !important;}\u00bb][vc_column][vc_column_text el_class=\u00bbtexto-sobremi\u00bb]El dise\u00f1o gr\u00e1fico y la direcci\u00f3n de arte siempre han sido mis herramienta para transformar ideas en soluciones visuales. A lo largo de m\u00e1s de 30 a\u00f1os he trabajado en estudios, agencias y departamentos de marketing, donde&#8230;<\/p>\n","protected":false},"author":3,"featured_media":0,"parent":0,"menu_order":0,"comment_status":"closed","ping_status":"closed","template":"full-width.php","meta":{"footnotes":""},"class_list":["post-2434","page","type-page","status-publish","hentry"],"yoast_head":"<!-- This site is optimized with the Yoast SEO plugin v27.5 - https:\/\/yoast.com\/product\/yoast-seo-wordpress\/ -->\n<title>Sobre M\u00ed - DS\u00d1O.<\/title>\n<meta name=\"description\" content=\"Jos\u00e9 Luis Merino, dise\u00f1ador gr\u00e1fico senior, director de arte, creativo\" \/>\n<meta name=\"robots\" content=\"index, follow, max-snippet:-1, max-image-preview:large, max-video-preview:-1, noarchive\" \/>\n<link rel=\"canonical\" href=\"https:\/\/xn--dso-8ma.com\/?page_id=2434\" \/>\n<meta property=\"og:locale\" content=\"es_ES\" \/>\n<meta property=\"og:type\" content=\"article\" \/>\n<meta property=\"og:title\" content=\"Sobre M\u00ed - DS\u00d1O.\" \/>\n<meta property=\"og:description\" content=\"Jos\u00e9 Luis Merino, dise\u00f1ador gr\u00e1fico senior, director de arte, creativo\" \/>\n<meta property=\"og:url\" content=\"https:\/\/xn--dso-8ma.com\/?page_id=2434\" \/>\n<meta property=\"og:site_name\" content=\"DS\u00d1O.\" \/>\n<meta property=\"article:modified_time\" content=\"2025-12-12T17:27:22+00:00\" \/>\n<meta name=\"twitter:card\" content=\"summary_large_image\" \/>\n<meta name=\"twitter:label1\" content=\"Tiempo de lectura\" \/>\n\t<meta name=\"twitter:data1\" content=\"1 minuto\" \/>\n<script type=\"application\/ld+json\" class=\"yoast-schema-graph\">{\"@context\":\"https:\\\/\\\/schema.org\",\"@graph\":[{\"@type\":\"WebPage\",\"@id\":\"https:\\\/\\\/xn--dso-8ma.com\\\/?page_id=2434\",\"url\":\"https:\\\/\\\/xn--dso-8ma.com\\\/?page_id=2434\",\"name\":\"Sobre M\u00ed - DS\u00d1O.\",\"isPartOf\":{\"@id\":\"https:\\\/\\\/xn--dso-8ma.com\\\/#website\"},\"datePublished\":\"2020-02-08T15:05:25+00:00\",\"dateModified\":\"2025-12-12T17:27:22+00:00\",\"description\":\"Jos\u00e9 Luis Merino, dise\u00f1ador gr\u00e1fico senior, director de arte, creativo\",\"breadcrumb\":{\"@id\":\"https:\\\/\\\/xn--dso-8ma.com\\\/?page_id=2434#breadcrumb\"},\"inLanguage\":\"es\",\"potentialAction\":[{\"@type\":\"ReadAction\",\"target\":[\"https:\\\/\\\/xn--dso-8ma.com\\\/?page_id=2434\"]}]},{\"@type\":\"BreadcrumbList\",\"@id\":\"https:\\\/\\\/xn--dso-8ma.com\\\/?page_id=2434#breadcrumb\",\"itemListElement\":[{\"@type\":\"ListItem\",\"position\":1,\"name\":\"Portada\",\"item\":\"https:\\\/\\\/xn--dso-8ma.com\\\/\"},{\"@type\":\"ListItem\",\"position\":2,\"name\":\"Dise\u00f1o gr\u00e1fico\"}]},{\"@type\":\"WebSite\",\"@id\":\"https:\\\/\\\/xn--dso-8ma.com\\\/#website\",\"url\":\"https:\\\/\\\/xn--dso-8ma.com\\\/\",\"name\":\"DS\u00d1O\",\"description\":\"Jos\u00e9 Luis Merino. Dise\u00f1ador y Director de Arte.\",\"publisher\":{\"@id\":\"https:\\\/\\\/xn--dso-8ma.com\\\/#organization\"},\"potentialAction\":[{\"@type\":\"SearchAction\",\"target\":{\"@type\":\"EntryPoint\",\"urlTemplate\":\"https:\\\/\\\/xn--dso-8ma.com\\\/?s={search_term_string}\"},\"query-input\":{\"@type\":\"PropertyValueSpecification\",\"valueRequired\":true,\"valueName\":\"search_term_string\"}}],\"inLanguage\":\"es\"},{\"@type\":\"Organization\",\"@id\":\"https:\\\/\\\/xn--dso-8ma.com\\\/#organization\",\"name\":\"DS\u00d1O.\",\"url\":\"https:\\\/\\\/xn--dso-8ma.com\\\/\",\"logo\":{\"@type\":\"ImageObject\",\"inLanguage\":\"es\",\"@id\":\"https:\\\/\\\/xn--dso-8ma.com\\\/#\\\/schema\\\/logo\\\/image\\\/\",\"url\":\"https:\\\/\\\/xn--dso-8ma.com\\\/wp-content\\\/uploads\\\/2019\\\/12\\\/color.png\",\"contentUrl\":\"https:\\\/\\\/xn--dso-8ma.com\\\/wp-content\\\/uploads\\\/2019\\\/12\\\/color.png\",\"width\":380,\"height\":75,\"caption\":\"DS\u00d1O.\"},\"image\":{\"@id\":\"https:\\\/\\\/xn--dso-8ma.com\\\/#\\\/schema\\\/logo\\\/image\\\/\"},\"sameAs\":[\"https:\\\/\\\/www.linkedin.com\\\/in\\\/jose-luis-merino-parra-516054b9\\\/\"]}]}<\/script>\n<!-- \/ Yoast SEO plugin. -->","yoast_head_json":{"title":"Sobre M\u00ed - DS\u00d1O.","description":"Jos\u00e9 Luis Merino, dise\u00f1ador gr\u00e1fico senior, director de arte, creativo","robots":{"index":"index","follow":"follow","max-snippet":"max-snippet:-1","max-image-preview":"max-image-preview:large","max-video-preview":"max-video-preview:-1","archive":"noarchive"},"canonical":"https:\/\/xn--dso-8ma.com\/?page_id=2434","og_locale":"es_ES","og_type":"article","og_title":"Sobre M\u00ed - DS\u00d1O.","og_description":"Jos\u00e9 Luis Merino, dise\u00f1ador gr\u00e1fico senior, director de arte, creativo","og_url":"https:\/\/xn--dso-8ma.com\/?page_id=2434","og_site_name":"DS\u00d1O.","article_modified_time":"2025-12-12T17:27:22+00:00","twitter_card":"summary_large_image","twitter_misc":{"Tiempo de lectura":"1 minuto"},"schema":{"@context":"https:\/\/schema.org","@graph":[{"@type":"WebPage","@id":"https:\/\/xn--dso-8ma.com\/?page_id=2434","url":"https:\/\/xn--dso-8ma.com\/?page_id=2434","name":"Sobre M\u00ed - DS\u00d1O.","isPartOf":{"@id":"https:\/\/xn--dso-8ma.com\/#website"},"datePublished":"2020-02-08T15:05:25+00:00","dateModified":"2025-12-12T17:27:22+00:00","description":"Jos\u00e9 Luis Merino, dise\u00f1ador gr\u00e1fico senior, director de arte, creativo","breadcrumb":{"@id":"https:\/\/xn--dso-8ma.com\/?page_id=2434#breadcrumb"},"inLanguage":"es","potentialAction":[{"@type":"ReadAction","target":["https:\/\/xn--dso-8ma.com\/?page_id=2434"]}]},{"@type":"BreadcrumbList","@id":"https:\/\/xn--dso-8ma.com\/?page_id=2434#breadcrumb","itemListElement":[{"@type":"ListItem","position":1,"name":"Portada","item":"https:\/\/xn--dso-8ma.com\/"},{"@type":"ListItem","position":2,"name":"Dise\u00f1o gr\u00e1fico"}]},{"@type":"WebSite","@id":"https:\/\/xn--dso-8ma.com\/#website","url":"https:\/\/xn--dso-8ma.com\/","name":"DS\u00d1O","description":"Jos\u00e9 Luis Merino. Dise\u00f1ador y Director de Arte.","publisher":{"@id":"https:\/\/xn--dso-8ma.com\/#organization"},"potentialAction":[{"@type":"SearchAction","target":{"@type":"EntryPoint","urlTemplate":"https:\/\/xn--dso-8ma.com\/?s={search_term_string}"},"query-input":{"@type":"PropertyValueSpecification","valueRequired":true,"valueName":"search_term_string"}}],"inLanguage":"es"},{"@type":"Organization","@id":"https:\/\/xn--dso-8ma.com\/#organization","name":"DS\u00d1O.","url":"https:\/\/xn--dso-8ma.com\/","logo":{"@type":"ImageObject","inLanguage":"es","@id":"https:\/\/xn--dso-8ma.com\/#\/schema\/logo\/image\/","url":"https:\/\/xn--dso-8ma.com\/wp-content\/uploads\/2019\/12\/color.png","contentUrl":"https:\/\/xn--dso-8ma.com\/wp-content\/uploads\/2019\/12\/color.png","width":380,"height":75,"caption":"DS\u00d1O."},"image":{"@id":"https:\/\/xn--dso-8ma.com\/#\/schema\/logo\/image\/"},"sameAs":["https:\/\/www.linkedin.com\/in\/jose-luis-merino-parra-516054b9\/"]}]}},"_links":{"self":[{"href":"https:\/\/xn--dso-8ma.com\/index.php?rest_route=\/wp\/v2\/pages\/2434","targetHints":{"allow":["GET"]}}],"collection":[{"href":"https:\/\/xn--dso-8ma.com\/index.php?rest_route=\/wp\/v2\/pages"}],"about":[{"href":"https:\/\/xn--dso-8ma.com\/index.php?rest_route=\/wp\/v2\/types\/page"}],"author":[{"embeddable":true,"href":"https:\/\/xn--dso-8ma.com\/index.php?rest_route=\/wp\/v2\/users\/3"}],"replies":[{"embeddable":true,"href":"https:\/\/xn--dso-8ma.com\/index.php?rest_route=%2Fwp%2Fv2%2Fcomments&post=2434"}],"version-history":[{"count":68,"href":"https:\/\/xn--dso-8ma.com\/index.php?rest_route=\/wp\/v2\/pages\/2434\/revisions"}],"predecessor-version":[{"id":2966,"href":"https:\/\/xn--dso-8ma.com\/index.php?rest_route=\/wp\/v2\/pages\/2434\/revisions\/2966"}],"wp:attachment":[{"href":"https:\/\/xn--dso-8ma.com\/index.php?rest_route=%2Fwp%2Fv2%2Fmedia&parent=2434"}],"curies":[{"name":"wp","href":"https:\/\/api.w.org\/{rel}","templated":true}]}}