{"id":445,"date":"2015-11-02T11:27:38","date_gmt":"2015-11-02T11:27:38","guid":{"rendered":"http:\/\/kvadrat.edge-themes.com\/?page_id=445"},"modified":"2025-12-12T17:27:19","modified_gmt":"2025-12-12T17:27:19","slug":"contacto-jose-luis-merino-dsno-2","status":"publish","type":"page","link":"https:\/\/xn--dso-8ma.com\/?page_id=445","title":{"rendered":"Contacto"},"content":{"rendered":"<p>[vc_row content_width=\u00bbgrid\u00bb css=\u00bb.vc_custom_1581342830888{margin-bottom: 40px !important;}\u00bb][vc_column][vc_raw_html]JTNDaGVhZCUzRSUwQSUzQ2xpbmslMjByZWwlM0QlMjJzdHlsZXNoZWV0JTIyJTIwaHJlZiUzRCUyMmh0dHBzJTNBJTJGJTJGdW5wa2cuY29tJTJGbGVhZmxldCU0MDEuNi4wJTJGZGlzdCUyRmxlYWZsZXQuY3NzJTIyJTIwaW50ZWdyaXR5JTNEJTIyc2hhNTEyLXh3RSUyRkF6OXpyakJJcGhBY0JiM0Y2SlZxeGY0NiUyQkNETHdmTE1IbG9OdTZLRVFDQVdpNkhjRFViZU9mQklwdEY3dGNDenVzS0ZqRncyeXV2RXBETDl3USUzRCUzRCUyMiUyMGNyb3Nzb3JpZ2luJTNEJTIyJTIyJTJGJTNFJTBBJTNDc2NyaXB0JTIwc3JjJTNEJTIyaHR0cHMlM0ElMkYlMkZ1bnBrZy5jb20lMkZsZWFmbGV0JTQwMS42LjAlMkZkaXN0JTJGbGVhZmxldC5qcyUyMiUyMGludGVncml0eSUzRCUyMnNoYTUxMi1nWndJRzl4M3dVWGcyaGRYRjYlMkJyVmtMRiUyRjBWaTlVOEQyTnRnNEdhNUk1QlpwVmtWeGxKV2JTUXRYUFNpVVR0QzBUanRHT214YTFBSlB1VjBDUHRoZXclM0QlM0QlMjIlMjBjcm9zc29yaWdpbiUzRCUyMiUyMiUzRSUzQyUyRnNjcmlwdCUzRSUwOSUwQSUzQyUyRmhlYWQlM0UlMEElM0Nib2R5JTNFJTBBJTNDZGl2JTIwY2xhc3MlM0QlMjJjb250YWN0by1jb250ZW5pZG8lMjIlM0UlMEElMDklM0NkaXYlMjBjbGFzcyUzRCUyMmNvbnRhY3RvLWNhamEtZnVsbCUyMiUzRSUwQSUwOSUwOSUzQ2RpdiUyMGNsYXNzJTNEJTIyY29udGFjdG8taW50ZXJpb3IlMjIlM0UlMEElMDklMDklMDklM0NkaXYlMjBjbGFzcyUzRCUyMmNvbnRhY3RvLWNvbEl6cXUlMjIlM0UlMEElMDklMDklMDklMDklM0NkaXYlMjBpZCUzRCUyMm1hcGlkJTIyJTNFJTNDJTJGZGl2JTNFJTBBJTNDc2NyaXB0JTNFJTBBdmFyJTIwbXltYXAlMjAlM0QlMjBMLm1hcCUyOCUyN21hcGlkJTI3JTI5LnNldFZpZXclMjglNUI0MC45NjkyNzUlMkMlMjAtNS42NTkzMTElNUQlMkMlMjAxNiUyOSUzQiUwQSUwQUwudGlsZUxheWVyJTI4JTI3aHR0cHMlM0ElMkYlMkZ0aWxlLm9wZW5zdHJlZXRtYXAub3JnJTJGJTdCeiU3RCUyRiU3QnglN0QlMkYlN0J5JTdELnBuZyUyNyUyQyUyMCU3QiUwQW1heFpvb20lM0ElMjAxOSUyQyUwQWlkJTNBJTIwJTI3bWFwYm94JTJGc3RyZWV0cy12MTElMjclMEElN0QlMjkuYWRkVG8lMjhteW1hcCUyOSUzQiUwQSUwQUwubWFya2VyJTI4JTVCNDAuOTY5Mjc1JTJDJTIwLTUuNjU5MzExJTVEJTI5LmFkZFRvJTI4bXltYXAlMjklMEElM0MlMkZzY3JpcHQlM0UlMEElMEElMDklMjAlMjAlMjAlMjAlMDklM0MlMkZkaXYlM0UlMEElMDklMjAlMjAlMjAlMjAlMDklMDklMEElMDklMDklMDklM0NkaXYlMjBjbGFzcyUzRCUyMmNvbnRhY3RvLWNvbERlciUyMiUzRSUwQSUzQ2RpdiUyMGNsYXNzJTNEJTIyY2FqYS10ZXh0by1jZW50cmFkbyUyMiUzRSUwQSUwOSUzQ3VsJTNFJTBBJTA5JTA5JTNDbGklM0UlM0NpbWclMjBjbGFzcyUzRCUyMmFsaWdubm9uZSUyMHNpemUtZnVsbCUyMHdwLWltYWdlLTIwNzUlMjIlMjBzcmMlM0QlMjJodHRwcyUzQSUyRiUyRnhuLS1kc28tOG1hLmNvbSUyRndwLWNvbnRlbnQlMkZ1cGxvYWRzJTJGMjAyMCUyRjAxJTJGSXNvdGlwby1hbWEucG5nJTIyJTIwYWx0JTNEJTIyJTIyJTIwd2lkdGglM0QlMjI4NiUyMiUyMGhlaWdodCUzRCUyMjc2JTIyJTIwJTJGJTNFJTNDJTJGbGklM0UlMEElMDklMDklM0NsaSUyMGlkJTNEJTIyY29ycmVvJTIyJTNFJTNDYSUyMGlkJTNEJTIyZGlyZWNjaW9uJTIyJTIwaHJlZiUzRCUyMm1haWx0byUzQWpvc2VsbSU0MGRzJUMzJUIxby5jb20lMjIlM0Vqb3NlbG0lNDBkcyVDMyVCMW8lM0NzdHJvbmclM0UuY29tJTNDJTJGc3Ryb25nJTNFJTNDJTJGYSUzRSUzQyUyRmxpJTNFJTBBJTA5JTA5JTNDbGklM0UlM0NhJTIwaWQlM0QlMjJ0ZWxlZm9ubyUyMiUyMGhyZWYlM0QlMjJ0ZWwlM0ElMkIzNDYwMDcyNjQ1NyUyMiUzRSUyQjM0JTIwNjAwJTIwNzI2JTIwNDU3JTNDJTJGYSUzRSUzQyUyRmxpJTNFJTBBJTA5JTA5JTNDbGklM0UlM0NoMyUzRTM3MDA0JTIwU0FMQU1BTkNBJTIwLSUyMEVTUEElQzMlOTFBJTNDJTJGaDMlM0UlM0MlMkZsaSUzRSUwQSUzQ2xpJTNFJTVCZWRndGZfaWNvbiUyMGljb25fcGFjayUzRCUyMmZvbnRfYXdlc29tZSUyMiUyMGZhX2ljb24lM0QlMjJmYS1pbnN0YWdyYW0lMjIlMjBzaXplJTNEJTIyZWRndGYtaWNvbi10aW55JTIyJTIwY3VzdG9tX3NpemUlM0QlMjIzMCUyMiUyMHR5cGUlM0QlMjJub3JtYWwlMjIlMjBpY29uX2FuaW1hdGlvbiUzRCUyMiUyMiUyMGxpbmslM0QlMjJodHRwcyUzQSUyRiUyRnd3dy5pbnN0YWdyYW0uY29tJTJGZHNuby5qbG0lMkYlMjIlMjB0YXJnZXQlM0QlMjJfc2VsZiUyMiUyMGljb25fY29sb3IlM0QlMjIlMjMwMDAlMjIlMjBob3Zlcl9pY29uX2NvbG9yJTNEJTIyJTIzZmZjMjRiJTIyJTIwbWFyZ2luJTNEJTIyMHB4JTIwMTBweCUyMDBweCUyMDBweCUyMiU1RCU1QmVkZ3RmX2ljb24lMjBpY29uX3BhY2slM0QlMjJmb250X2F3ZXNvbWUlMjIlMjBmYV9pY29uJTNEJTIyZmEtYmVoYW5jZSUyMiUyMHNpemUlM0QlMjJlZGd0Zi1pY29uLXRpbnklMjIlMjBjdXN0b21fc2l6ZSUzRCUyMjMwJTIyJTIwdHlwZSUzRCUyMm5vcm1hbCUyMiUyMGljb25fYW5pbWF0aW9uJTNEJTIyJTIyJTIwbGluayUzRCUyMmh0dHBzJTNBJTJGJTJGd3d3LmJlaGFuY2UubmV0JTJGR3JhcGhpYy1DdWx0dXJlJTIyJTIwdGFyZ2V0JTNEJTIyX3NlbGYlMjIlMjBpY29uX2NvbG9yJTNEJTIyJTIzMDAwJTIyJTIwaG92ZXJfaWNvbl9jb2xvciUzRCUyMiUyM2ZmYzI0YiUyMiUyMG1hcmdpbiUzRCUyMjBweCUyMDEwcHglMjAwcHglMjAwcHglMjIlNUQlNUJlZGd0Zl9pY29uJTIwaWNvbl9wYWNrJTNEJTIyZm9udF9hd2Vzb21lJTIyJTIwZmFfaWNvbiUzRCUyMmZhLXR3aXR0ZXIlMjIlMjBzaXplJTNEJTIyZWRndGYtaWNvbi10aW55JTIyJTIwY3VzdG9tX3NpemUlM0QlMjIzMCUyMiUyMHR5cGUlM0QlMjJub3JtYWwlMjIlMjBpY29uX2FuaW1hdGlvbiUzRCUyMiUyMiUyMGxpbmslM0QlMjJodHRwcyUzQSUyRiUyRnR3aXR0ZXIuY29tJTJGJTQwRFNOTzIwMTklMjIlMjB0YXJnZXQlM0QlMjJfc2VsZiUyMiUyMGljb25fY29sb3IlM0QlMjIlMjMwMDAlMjIlMjBob3Zlcl9pY29uX2NvbG9yJTNEJTIyJTIzZmZjMjRiJTIyJTIwbWFyZ2luJTNEJTIyMHB4JTIwMTBweCUyMDBweCUyMDBweCUyMiU1RCUzQyUyRmxpJTNFJTBBJTA5JTNDJTJGdWwlM0UlMEElM0MlMkZkaXYlM0UlMEElMDklMDklMDklMEElMDklMDklMDklM0MlMkZkaXYlM0UlMEElMDklMDklM0MlMkZkaXYlM0UlMEElMDklM0MlMkZkaXYlM0UlMEElM0MlMkZkaXYlM0UlMEElM0MlMkZib2R5JTNF[\/vc_raw_html][\/vc_column][\/vc_row][vc_row content_width=\u00bbgrid\u00bb css=\u00bb.vc_custom_1581692962504{margin-top: 50px !important;padding-bottom: 50px !important;}\u00bb el_class=\u00bbformulario-contacto\u00bb el_id=\u00bbformulario-link\u00bb][vc_column el_class=\u00bbcolumna-invisible\u00bb][\/vc_column][\/vc_row]<\/p>\n","protected":false},"excerpt":{"rendered":"<p>[vc_row content_width=\u00bbgrid\u00bb css=\u00bb.vc_custom_1581342830888{margin-bottom: 40px !important;}\u00bb][vc_column][vc_raw_html]JTNDaGVhZCUzRSUwQSUzQ2xpbmslMjByZWwlM0QlMjJzdHlsZXNoZWV0JTIyJTIwaHJlZiUzRCUyMmh0dHBzJTNBJTJGJTJGdW5wa2cuY29tJTJGbGVhZmxldCU0MDEuNi4wJTJGZGlzdCUyRmxlYWZsZXQuY3NzJTIyJTIwaW50ZWdyaXR5JTNEJTIyc2hhNTEyLXh3RSUyRkF6OXpyakJJcGhBY0JiM0Y2SlZxeGY0NiUyQkNETHdmTE1IbG9OdTZLRVFDQVdpNkhjRFViZU9mQklwdEY3dGNDenVzS0ZqRncyeXV2RXBETDl3USUzRCUzRCUyMiUyMGNyb3Nzb3JpZ2luJTNEJTIyJTIyJTJGJTNFJTBBJTNDc2NyaXB0JTIwc3JjJTNEJTIyaHR0cHMlM0ElMkYlMkZ1bnBrZy5jb20lMkZsZWFmbGV0JTQwMS42LjAlMkZkaXN0JTJGbGVhZmxldC5qcyUyMiUyMGludGVncml0eSUzRCUyMnNoYTUxMi1nWndJRzl4M3dVWGcyaGRYRjYlMkJyVmtMRiUyRjBWaTlVOEQyTnRnNEdhNUk1QlpwVmtWeGxKV2JTUXRYUFNpVVR0QzBUanRHT214YTFBSlB1VjBDUHRoZXclM0QlM0QlMjIlMjBjcm9zc29yaWdpbiUzRCUyMiUyMiUzRSUzQyUyRnNjcmlwdCUzRSUwOSUwQSUzQyUyRmhlYWQlM0UlMEElM0Nib2R5JTNFJTBBJTNDZGl2JTIwY2xhc3MlM0QlMjJjb250YWN0by1jb250ZW5pZG8lMjIlM0UlMEElMDklM0NkaXYlMjBjbGFzcyUzRCUyMmNvbnRhY3RvLWNhamEtZnVsbCUyMiUzRSUwQSUwOSUwOSUzQ2RpdiUyMGNsYXNzJTNEJTIyY29udGFjdG8taW50ZXJpb3IlMjIlM0UlMEElMDklMDklMDklM0NkaXYlMjBjbGFzcyUzRCUyMmNvbnRhY3RvLWNvbEl6cXUlMjIlM0UlMEElMDklMDklMDklMDklM0NkaXYlMjBpZCUzRCUyMm1hcGlkJTIyJTNFJTNDJTJGZGl2JTNFJTBBJTNDc2NyaXB0JTNFJTBBdmFyJTIwbXltYXAlMjAlM0QlMjBMLm1hcCUyOCUyN21hcGlkJTI3JTI5LnNldFZpZXclMjglNUI0MC45NjkyNzUlMkMlMjAtNS42NTkzMTElNUQlMkMlMjAxNiUyOSUzQiUwQSUwQUwudGlsZUxheWVyJTI4JTI3aHR0cHMlM0ElMkYlMkZ0aWxlLm9wZW5zdHJlZXRtYXAub3JnJTJGJTdCeiU3RCUyRiU3QnglN0QlMkYlN0J5JTdELnBuZyUyNyUyQyUyMCU3QiUwQW1heFpvb20lM0ElMjAxOSUyQyUwQWlkJTNBJTIwJTI3bWFwYm94JTJGc3RyZWV0cy12MTElMjclMEElN0QlMjkuYWRkVG8lMjhteW1hcCUyOSUzQiUwQSUwQUwubWFya2VyJTI4JTVCNDAuOTY5Mjc1JTJDJTIwLTUuNjU5MzExJTVEJTI5LmFkZFRvJTI4bXltYXAlMjklMEElM0MlMkZzY3JpcHQlM0UlMEElMEElMDklMjAlMjAlMjAlMjAlMDklM0MlMkZkaXYlM0UlMEElMDklMjAlMjAlMjAlMjAlMDklMDklMEElMDklMDklMDklM0NkaXYlMjBjbGFzcyUzRCUyMmNvbnRhY3RvLWNvbERlciUyMiUzRSUwQSUzQ2RpdiUyMGNsYXNzJTNEJTIyY2FqYS10ZXh0by1jZW50cmFkbyUyMiUzRSUwQSUwOSUzQ3VsJTNFJTBBJTA5JTA5JTNDbGklM0UlM0NpbWclMjBjbGFzcyUzRCUyMmFsaWdubm9uZSUyMHNpemUtZnVsbCUyMHdwLWltYWdlLTIwNzUlMjIlMjBzcmMlM0QlMjJodHRwcyUzQSUyRiUyRnhuLS1kc28tOG1hLmNvbSUyRndwLWNvbnRlbnQlMkZ1cGxvYWRzJTJGMjAyMCUyRjAxJTJGSXNvdGlwby1hbWEucG5nJTIyJTIwYWx0JTNEJTIyJTIyJTIwd2lkdGglM0QlMjI4NiUyMiUyMGhlaWdodCUzRCUyMjc2JTIyJTIwJTJGJTNFJTNDJTJGbGklM0UlMEElMDklMDklM0NsaSUyMGlkJTNEJTIyY29ycmVvJTIyJTNFJTNDYSUyMGlkJTNEJTIyZGlyZWNjaW9uJTIyJTIwaHJlZiUzRCUyMm1haWx0byUzQWpvc2VsbSU0MGRzJUMzJUIxby5jb20lMjIlM0Vqb3NlbG0lNDBkcyVDMyVCMW8lM0NzdHJvbmclM0UuY29tJTNDJTJGc3Ryb25nJTNFJTNDJTJGYSUzRSUzQyUyRmxpJTNFJTBBJTA5JTA5JTNDbGklM0UlM0NhJTIwaWQlM0QlMjJ0ZWxlZm9ubyUyMiUyMGhyZWYlM0QlMjJ0ZWwlM0ElMkIzNDYwMDcyNjQ1NyUyMiUzRSUyQjM0JTIwNjAwJTIwNzI2JTIwNDU3JTNDJTJGYSUzRSUzQyUyRmxpJTNFJTBBJTA5JTA5JTNDbGklM0UlM0NoMyUzRTM3MDA0JTIwU0FMQU1BTkNBJTIwLSUyMEVTUEElQzMlOTFBJTNDJTJGaDMlM0UlM0MlMkZsaSUzRSUwQSUzQ2xpJTNFJTVCZWRndGZfaWNvbiUyMGljb25fcGFjayUzRCUyMmZvbnRfYXdlc29tZSUyMiUyMGZhX2ljb24lM0QlMjJmYS1pbnN0YWdyYW0lMjIlMjBzaXplJTNEJTIyZWRndGYtaWNvbi10aW55JTIyJTIwY3VzdG9tX3NpemUlM0QlMjIzMCUyMiUyMHR5cGUlM0QlMjJub3JtYWwlMjIlMjBpY29uX2FuaW1hdGlvbiUzRCUyMiUyMiUyMGxpbmslM0QlMjJodHRwcyUzQSUyRiUyRnd3dy5pbnN0YWdyYW0uY29tJTJGZHNuby5qbG0lMkYlMjIlMjB0YXJnZXQlM0QlMjJfc2VsZiUyMiUyMGljb25fY29sb3IlM0QlMjIlMjMwMDAlMjIlMjBob3Zlcl9pY29uX2NvbG9yJTNEJTIyJTIzZmZjMjRiJTIyJTIwbWFyZ2luJTNEJTIyMHB4JTIwMTBweCUyMDBweCUyMDBweCUyMiU1RCU1QmVkZ3RmX2ljb24lMjBpY29uX3BhY2slM0QlMjJmb250X2F3ZXNvbWUlMjIlMjBmYV9pY29uJTNEJTIyZmEtYmVoYW5jZSUyMiUyMHNpemUlM0QlMjJlZGd0Zi1pY29uLXRpbnklMjIlMjBjdXN0b21fc2l6ZSUzRCUyMjMwJTIyJTIwdHlwZSUzRCUyMm5vcm1hbCUyMiUyMGljb25fYW5pbWF0aW9uJTNEJTIyJTIyJTIwbGluayUzRCUyMmh0dHBzJTNBJTJGJTJGd3d3LmJlaGFuY2UubmV0JTJGR3JhcGhpYy1DdWx0dXJlJTIyJTIwdGFyZ2V0JTNEJTIyX3NlbGYlMjIlMjBpY29uX2NvbG9yJTNEJTIyJTIzMDAwJTIyJTIwaG92ZXJfaWNvbl9jb2xvciUzRCUyMiUyM2ZmYzI0YiUyMiUyMG1hcmdpbiUzRCUyMjBweCUyMDEwcHglMjAwcHglMjAwcHglMjIlNUQlNUJlZGd0Zl9pY29uJTIwaWNvbl9wYWNrJTNEJTIyZm9udF9hd2Vzb21lJTIyJTIwZmFfaWNvbiUzRCUyMmZhLXR3aXR0ZXIlMjIlMjBzaXplJTNEJTIyZWRndGYtaWNvbi10aW55JTIyJTIwY3VzdG9tX3NpemUlM0QlMjIzMCUyMiUyMHR5cGUlM0QlMjJub3JtYWwlMjIlMjBpY29uX2FuaW1hdGlvbiUzRCUyMiUyMiUyMGxpbmslM0QlMjJodHRwcyUzQSUyRiUyRnR3aXR0ZXIuY29tJTJGJTQwRFNOTzIwMTklMjIlMjB0YXJnZXQlM0QlMjJfc2VsZiUyMiUyMGljb25fY29sb3IlM0QlMjIlMjMwMDAlMjIlMjBob3Zlcl9pY29uX2NvbG9yJTNEJTIyJTIzZmZjMjRiJTIyJTIwbWFyZ2luJTNEJTIyMHB4JTIwMTBweCUyMDBweCUyMDBweCUyMiU1RCUzQyUyRmxpJTNFJTBBJTA5JTNDJTJGdWwlM0UlMEElM0MlMkZkaXYlM0UlMEElMDklMDklMDklMEElMDklMDklMDklM0MlMkZkaXYlM0UlMEElMDklMDklM0MlMkZkaXYlM0UlMEElMDklM0MlMkZkaXYlM0UlMEElM0MlMkZkaXYlM0UlMEElM0MlMkZib2R5JTNF[\/vc_raw_html][\/vc_column][\/vc_row][vc_row content_width=\u00bbgrid\u00bb css=\u00bb.vc_custom_1581692962504{margin-top: 50px !important;padding-bottom: 50px !important;}\u00bb el_class=\u00bbformulario-contacto\u00bb el_id=\u00bbformulario-link\u00bb][vc_column el_class=\u00bbcolumna-invisible\u00bb][\/vc_column][\/vc_row]<\/p>\n","protected":false},"author":3,"featured_media":0,"parent":0,"menu_order":0,"comment_status":"closed","ping_status":"closed","template":"full-width.php","meta":{"footnotes":""},"class_list":["post-445","page","type-page","status-publish","hentry"],"yoast_head":"<!-- This site is optimized with the Yoast SEO plugin v26.5 - https:\/\/yoast.com\/wordpress\/plugins\/seo\/ -->\n<title>Contacto - DS\u00d1O.<\/title>\n<meta name=\"description\" content=\"\u00bfQuieres contactar con DS\u00d1O? Escr\u00edbeme para proyectos de dise\u00f1o gr\u00e1fico, direcci\u00f3n de arte, branding, packaging.\" \/>\n<meta name=\"robots\" content=\"index, follow, max-snippet:-1, max-image-preview:large, max-video-preview:-1, noarchive\" \/>\n<link rel=\"canonical\" href=\"https:\/\/xn--dso-8ma.com\/?page_id=445\" \/>\n<meta property=\"og:locale\" content=\"es_ES\" \/>\n<meta property=\"og:type\" content=\"article\" \/>\n<meta property=\"og:title\" content=\"Contacto - DS\u00d1O.\" \/>\n<meta property=\"og:description\" content=\"\u00bfQuieres contactar con DS\u00d1O? Escr\u00edbeme para proyectos de dise\u00f1o gr\u00e1fico, direcci\u00f3n de arte, branding, packaging.\" \/>\n<meta property=\"og:url\" content=\"https:\/\/xn--dso-8ma.com\/?page_id=445\" \/>\n<meta property=\"og:site_name\" content=\"DS\u00d1O.\" \/>\n<meta property=\"article:modified_time\" content=\"2025-12-12T17:27:19+00:00\" \/>\n<meta name=\"twitter:card\" content=\"summary_large_image\" \/>\n<meta name=\"twitter:label1\" content=\"Tiempo de lectura\" \/>\n\t<meta name=\"twitter:data1\" content=\"1 minuto\" \/>\n<script type=\"application\/ld+json\" class=\"yoast-schema-graph\">{\"@context\":\"https:\/\/schema.org\",\"@graph\":[{\"@type\":\"WebPage\",\"@id\":\"https:\/\/xn--dso-8ma.com\/?page_id=445\",\"url\":\"https:\/\/xn--dso-8ma.com\/?page_id=445\",\"name\":\"Contacto - DS\u00d1O.\",\"isPartOf\":{\"@id\":\"https:\/\/xn--dso-8ma.com\/#website\"},\"datePublished\":\"2015-11-02T11:27:38+00:00\",\"dateModified\":\"2025-12-12T17:27:19+00:00\",\"description\":\"\u00bfQuieres contactar con DS\u00d1O? Escr\u00edbeme para proyectos de dise\u00f1o gr\u00e1fico, direcci\u00f3n de arte, branding, packaging.\",\"breadcrumb\":{\"@id\":\"https:\/\/xn--dso-8ma.com\/?page_id=445#breadcrumb\"},\"inLanguage\":\"es\",\"potentialAction\":[{\"@type\":\"ReadAction\",\"target\":[\"https:\/\/xn--dso-8ma.com\/?page_id=445\"]}]},{\"@type\":\"BreadcrumbList\",\"@id\":\"https:\/\/xn--dso-8ma.com\/?page_id=445#breadcrumb\",\"itemListElement\":[{\"@type\":\"ListItem\",\"position\":1,\"name\":\"Portada\",\"item\":\"https:\/\/xn--dso-8ma.com\/\"},{\"@type\":\"ListItem\",\"position\":2,\"name\":\"Contacto\"}]},{\"@type\":\"WebSite\",\"@id\":\"https:\/\/xn--dso-8ma.com\/#website\",\"url\":\"https:\/\/xn--dso-8ma.com\/\",\"name\":\"DS\u00d1O\",\"description\":\"Jos\u00e9 Luis Merino. Dise\u00f1ador y Director de Arte.\",\"publisher\":{\"@id\":\"https:\/\/xn--dso-8ma.com\/#organization\"},\"potentialAction\":[{\"@type\":\"SearchAction\",\"target\":{\"@type\":\"EntryPoint\",\"urlTemplate\":\"https:\/\/xn--dso-8ma.com\/?s={search_term_string}\"},\"query-input\":{\"@type\":\"PropertyValueSpecification\",\"valueRequired\":true,\"valueName\":\"search_term_string\"}}],\"inLanguage\":\"es\"},{\"@type\":\"Organization\",\"@id\":\"https:\/\/xn--dso-8ma.com\/#organization\",\"name\":\"DS\u00d1O.\",\"url\":\"https:\/\/xn--dso-8ma.com\/\",\"logo\":{\"@type\":\"ImageObject\",\"inLanguage\":\"es\",\"@id\":\"https:\/\/xn--dso-8ma.com\/#\/schema\/logo\/image\/\",\"url\":\"https:\/\/xn--dso-8ma.com\/wp-content\/uploads\/2019\/12\/color.png\",\"contentUrl\":\"https:\/\/xn--dso-8ma.com\/wp-content\/uploads\/2019\/12\/color.png\",\"width\":380,\"height\":75,\"caption\":\"DS\u00d1O.\"},\"image\":{\"@id\":\"https:\/\/xn--dso-8ma.com\/#\/schema\/logo\/image\/\"},\"sameAs\":[\"https:\/\/www.linkedin.com\/in\/jose-luis-merino-parra-516054b9\/\"]}]}<\/script>\n<!-- \/ Yoast SEO plugin. -->","yoast_head_json":{"title":"Contacto - DS\u00d1O.","description":"\u00bfQuieres contactar con DS\u00d1O? Escr\u00edbeme para proyectos de dise\u00f1o gr\u00e1fico, direcci\u00f3n de arte, branding, packaging.","robots":{"index":"index","follow":"follow","max-snippet":"max-snippet:-1","max-image-preview":"max-image-preview:large","max-video-preview":"max-video-preview:-1","archive":"noarchive"},"canonical":"https:\/\/xn--dso-8ma.com\/?page_id=445","og_locale":"es_ES","og_type":"article","og_title":"Contacto - DS\u00d1O.","og_description":"\u00bfQuieres contactar con DS\u00d1O? Escr\u00edbeme para proyectos de dise\u00f1o gr\u00e1fico, direcci\u00f3n de arte, branding, packaging.","og_url":"https:\/\/xn--dso-8ma.com\/?page_id=445","og_site_name":"DS\u00d1O.","article_modified_time":"2025-12-12T17:27:19+00:00","twitter_card":"summary_large_image","twitter_misc":{"Tiempo de lectura":"1 minuto"},"schema":{"@context":"https:\/\/schema.org","@graph":[{"@type":"WebPage","@id":"https:\/\/xn--dso-8ma.com\/?page_id=445","url":"https:\/\/xn--dso-8ma.com\/?page_id=445","name":"Contacto - DS\u00d1O.","isPartOf":{"@id":"https:\/\/xn--dso-8ma.com\/#website"},"datePublished":"2015-11-02T11:27:38+00:00","dateModified":"2025-12-12T17:27:19+00:00","description":"\u00bfQuieres contactar con DS\u00d1O? Escr\u00edbeme para proyectos de dise\u00f1o gr\u00e1fico, direcci\u00f3n de arte, branding, packaging.","breadcrumb":{"@id":"https:\/\/xn--dso-8ma.com\/?page_id=445#breadcrumb"},"inLanguage":"es","potentialAction":[{"@type":"ReadAction","target":["https:\/\/xn--dso-8ma.com\/?page_id=445"]}]},{"@type":"BreadcrumbList","@id":"https:\/\/xn--dso-8ma.com\/?page_id=445#breadcrumb","itemListElement":[{"@type":"ListItem","position":1,"name":"Portada","item":"https:\/\/xn--dso-8ma.com\/"},{"@type":"ListItem","position":2,"name":"Contacto"}]},{"@type":"WebSite","@id":"https:\/\/xn--dso-8ma.com\/#website","url":"https:\/\/xn--dso-8ma.com\/","name":"DS\u00d1O","description":"Jos\u00e9 Luis Merino. Dise\u00f1ador y Director de Arte.","publisher":{"@id":"https:\/\/xn--dso-8ma.com\/#organization"},"potentialAction":[{"@type":"SearchAction","target":{"@type":"EntryPoint","urlTemplate":"https:\/\/xn--dso-8ma.com\/?s={search_term_string}"},"query-input":{"@type":"PropertyValueSpecification","valueRequired":true,"valueName":"search_term_string"}}],"inLanguage":"es"},{"@type":"Organization","@id":"https:\/\/xn--dso-8ma.com\/#organization","name":"DS\u00d1O.","url":"https:\/\/xn--dso-8ma.com\/","logo":{"@type":"ImageObject","inLanguage":"es","@id":"https:\/\/xn--dso-8ma.com\/#\/schema\/logo\/image\/","url":"https:\/\/xn--dso-8ma.com\/wp-content\/uploads\/2019\/12\/color.png","contentUrl":"https:\/\/xn--dso-8ma.com\/wp-content\/uploads\/2019\/12\/color.png","width":380,"height":75,"caption":"DS\u00d1O."},"image":{"@id":"https:\/\/xn--dso-8ma.com\/#\/schema\/logo\/image\/"},"sameAs":["https:\/\/www.linkedin.com\/in\/jose-luis-merino-parra-516054b9\/"]}]}},"_links":{"self":[{"href":"https:\/\/xn--dso-8ma.com\/index.php?rest_route=\/wp\/v2\/pages\/445","targetHints":{"allow":["GET"]}}],"collection":[{"href":"https:\/\/xn--dso-8ma.com\/index.php?rest_route=\/wp\/v2\/pages"}],"about":[{"href":"https:\/\/xn--dso-8ma.com\/index.php?rest_route=\/wp\/v2\/types\/page"}],"author":[{"embeddable":true,"href":"https:\/\/xn--dso-8ma.com\/index.php?rest_route=\/wp\/v2\/users\/3"}],"replies":[{"embeddable":true,"href":"https:\/\/xn--dso-8ma.com\/index.php?rest_route=%2Fwp%2Fv2%2Fcomments&post=445"}],"version-history":[{"count":69,"href":"https:\/\/xn--dso-8ma.com\/index.php?rest_route=\/wp\/v2\/pages\/445\/revisions"}],"predecessor-version":[{"id":2785,"href":"https:\/\/xn--dso-8ma.com\/index.php?rest_route=\/wp\/v2\/pages\/445\/revisions\/2785"}],"wp:attachment":[{"href":"https:\/\/xn--dso-8ma.com\/index.php?rest_route=%2Fwp%2Fv2%2Fmedia&parent=445"}],"curies":[{"name":"wp","href":"https:\/\/api.w.org\/{rel}","templated":true}]}}